{"id":6,"date":"2019-11-06T11:03:27","date_gmt":"2019-11-06T11:03:27","guid":{"rendered":"https:\/\/grannemanblumen.nl\/?page_id=6"},"modified":"2019-11-14T14:23:24","modified_gmt":"2019-11-14T14:23:24","slug":"home","status":"publish","type":"page","link":"https:\/\/grannemanblumen.nl\/nl\/","title":{"rendered":"Home"},"content":{"rendered":"","protected":false},"excerpt":{"rendered":"","protected":false},"author":1,"featured_media":0,"parent":0,"menu_order":0,"comment_status":"closed","ping_status":"closed","template":"","meta":[],"yoast_head":"<!-- This site is optimized with the Yoast SEO plugin v14.9 - https:\/\/yoast.com\/wordpress\/plugins\/seo\/ -->\n<title>Home - Granneman Blumen<\/title>\n<meta name=\"description\" content=\"Der Blumengro\u00dfhandel Harry Granneman besteht seit 1982 und wurde von dem da mals neunzehnj\u00e4hrigen Harry gegr\u00fcndet. Ein G\u00e4rtnersohn mit Liebe zu seinem Beruf.\" \/>\n<meta name=\"robots\" content=\"index, follow, max-snippet:-1, max-image-preview:large, max-video-preview:-1\" \/>\n<link rel=\"canonical\" href=\"https:\/\/grannemanblumen.nl\/nl\/\" \/>\n<meta property=\"og:locale\" content=\"nl_NL\" \/>\n<meta property=\"og:type\" content=\"article\" \/>\n<meta property=\"og:title\" content=\"Home - Granneman Blumen\" \/>\n<meta property=\"og:description\" content=\"Der Blumengro\u00dfhandel Harry Granneman besteht seit 1982 und wurde von dem da mals neunzehnj\u00e4hrigen Harry gegr\u00fcndet. Ein G\u00e4rtnersohn mit Liebe zu seinem Beruf.\" \/>\n<meta property=\"og:url\" content=\"https:\/\/grannemanblumen.nl\/nl\/\" \/>\n<meta property=\"og:site_name\" content=\"grannemanblumen\" \/>\n<meta property=\"article:modified_time\" content=\"2019-11-14T14:23:24+00:00\" \/>\n<meta name=\"twitter:card\" content=\"summary_large_image\" \/>\n<script type=\"application\/ld+json\" class=\"yoast-schema-graph\">{\"@context\":\"https:\/\/schema.org\",\"@graph\":[{\"@type\":\"WebSite\",\"@id\":\"https:\/\/grannemanblumen.nl\/nl\/#website\",\"url\":\"https:\/\/grannemanblumen.nl\/nl\/\",\"name\":\"grannemanblumen\",\"description\":\"Just another WordPress site\",\"potentialAction\":[{\"@type\":\"SearchAction\",\"target\":\"https:\/\/grannemanblumen.nl\/nl\/?s={search_term_string}\",\"query-input\":\"required name=search_term_string\"}],\"inLanguage\":\"nl\"},{\"@type\":\"WebPage\",\"@id\":\"https:\/\/grannemanblumen.nl\/#webpage\",\"url\":\"https:\/\/grannemanblumen.nl\/\",\"name\":\"Home - Granneman Blumen\",\"isPartOf\":{\"@id\":\"https:\/\/grannemanblumen.nl\/nl\/#website\"},\"datePublished\":\"2019-11-06T11:03:27+00:00\",\"dateModified\":\"2019-11-14T14:23:24+00:00\",\"description\":\"Der Blumengro\\u00dfhandel Harry Granneman besteht seit 1982 und wurde von dem da mals neunzehnj\\u00e4hrigen Harry gegr\\u00fcndet. Ein G\\u00e4rtnersohn mit Liebe zu seinem Beruf.\",\"inLanguage\":\"nl\",\"potentialAction\":[{\"@type\":\"ReadAction\",\"target\":[\"https:\/\/grannemanblumen.nl\/\"]}]}]}<\/script>\n<!-- \/ Yoast SEO plugin. -->","_links":{"self":[{"href":"https:\/\/grannemanblumen.nl\/nl\/wp-json\/wp\/v2\/pages\/6"}],"collection":[{"href":"https:\/\/grannemanblumen.nl\/nl\/wp-json\/wp\/v2\/pages"}],"about":[{"href":"https:\/\/grannemanblumen.nl\/nl\/wp-json\/wp\/v2\/types\/page"}],"author":[{"embeddable":true,"href":"https:\/\/grannemanblumen.nl\/nl\/wp-json\/wp\/v2\/users\/1"}],"replies":[{"embeddable":true,"href":"https:\/\/grannemanblumen.nl\/nl\/wp-json\/wp\/v2\/comments?post=6"}],"version-history":[{"count":1,"href":"https:\/\/grannemanblumen.nl\/nl\/wp-json\/wp\/v2\/pages\/6\/revisions"}],"predecessor-version":[{"id":7,"href":"https:\/\/grannemanblumen.nl\/nl\/wp-json\/wp\/v2\/pages\/6\/revisions\/7"}],"wp:attachment":[{"href":"https:\/\/grannemanblumen.nl\/nl\/wp-json\/wp\/v2\/media?parent=6"}],"curies":[{"name":"wp","href":"https:\/\/api.w.org\/{rel}","templated":true}]}}